{"id":204,"date":"2025-10-09T12:51:37","date_gmt":"2025-10-09T12:51:37","guid":{"rendered":"http:\/\/gynette.epiphronconsultants.fr\/?post_type=product&#038;p=204"},"modified":"2025-10-16T08:16:08","modified_gmt":"2025-10-16T08:16:08","slug":"gynette-aia-livre-paye","status":"publish","type":"product","link":"https:\/\/gynette.epiphronconsultants.fr\/index.php\/produit\/gynette-aia-livre-paye\/","title":{"rendered":"Gynette AIA &#8211; livr\u00e9 pay\u00e9"},"content":{"rendered":"<p>Gynette AIA, version windows, linux ( macOS sous peu).<\/p>\n<p>Livr\u00e9 sans formation.<\/p>\n<p>Accompagnement pour l&rsquo;installation et la configuration.<\/p>\n<p>Vous recevrez d&rsquo;ici 48 h un lien de t\u00e9l\u00e9chargement et une clef.<\/p>\n","protected":false},"excerpt":{"rendered":"<p>Gynette AIA est un programme mettant en oeuvre des agents IA pour acc\u00e9l\u00e9rer la r\u00e9daction d&rsquo;actes d&rsquo;avocats. Analyse de dossier, R\u00e9daction de Conclusions, de mises en demeure, de courrier&#8230;<br \/>\nSAV Installation<\/p>\n","protected":false},"featured_media":140,"template":"","meta":[],"product_brand":[],"product_cat":[21],"product_tag":[],"class_list":{"0":"post-204","1":"product","2":"type-product","3":"status-publish","4":"has-post-thumbnail","6":"product_cat-non-classe","8":"first","9":"instock","10":"featured","11":"downloadable","12":"virtual","13":"purchasable","14":"product-type-simple"},"_links":{"self":[{"href":"https:\/\/gynette.epiphronconsultants.fr\/index.php\/wp-json\/wp\/v2\/product\/204","targetHints":{"allow":["GET"]}}],"collection":[{"href":"https:\/\/gynette.epiphronconsultants.fr\/index.php\/wp-json\/wp\/v2\/product"}],"about":[{"href":"https:\/\/gynette.epiphronconsultants.fr\/index.php\/wp-json\/wp\/v2\/types\/product"}],"wp:featuredmedia":[{"embeddable":true,"href":"https:\/\/gynette.epiphronconsultants.fr\/index.php\/wp-json\/wp\/v2\/media\/140"}],"wp:attachment":[{"href":"https:\/\/gynette.epiphronconsultants.fr\/index.php\/wp-json\/wp\/v2\/media?parent=204"}],"wp:term":[{"taxonomy":"product_brand","embeddable":true,"href":"https:\/\/gynette.epiphronconsultants.fr\/index.php\/wp-json\/wp\/v2\/product_brand?post=204"},{"taxonomy":"product_cat","embeddable":true,"href":"https:\/\/gynette.epiphronconsultants.fr\/index.php\/wp-json\/wp\/v2\/product_cat?post=204"},{"taxonomy":"product_tag","embeddable":true,"href":"https:\/\/gynette.epiphronconsultants.fr\/index.php\/wp-json\/wp\/v2\/product_tag?post=204"}],"curies":[{"name":"wp","href":"https:\/\/api.w.org\/{rel}","templated":true}]}}