{"id":203,"date":"2025-10-09T12:49:29","date_gmt":"2025-10-09T12:49:29","guid":{"rendered":"http:\/\/gynette.epiphronconsultants.fr\/?post_type=product&#038;p=203"},"modified":"2025-10-16T08:15:25","modified_gmt":"2025-10-16T08:15:25","slug":"gynette-aia-standard","status":"publish","type":"product","link":"https:\/\/gynette.epiphronconsultants.fr\/index.php\/produit\/gynette-aia-standard\/","title":{"rendered":"Gynette AIA &#8211; standard"},"content":{"rendered":"<p>Gynette AIA, version windows, linux ( macOS sous peu).<\/p>\n<p>Formation individuelle d&rsquo;une journ\u00e9e \u00e0 l&rsquo;IA et pour le fonctionnement Gynette AIA<\/p>\n<p>Vous recevrez d&rsquo;ici 48 h un lien de t\u00e9l\u00e9chargement et une clef.<\/p>\n<p>D&rsquo;ici l\u00e0, vous r\u00e9servez un creneau pour une journ\u00e9e de formation. <a href=\"https:\/\/doodle.com\/bp\/raphaelaulas\/rservez-une-dmonstration\">Voyons nous<\/a><\/p>\n","protected":false},"excerpt":{"rendered":"<p>Gynette AIA est un programme mettant en oeuvre des agents IA pour acc\u00e9l\u00e9rer la r\u00e9daction d&rsquo;actes d&rsquo;avocats. Analyse de dossier, R\u00e9daction de Conclusions, de mises en demeure, de courrier&#8230;<br \/>\nLa version Standard vous offre une formation d&rsquo;une journ\u00e9e pour la ma\u00eftrise de l&rsquo;IA et du logiciel Gynette.<\/p>\n","protected":false},"featured_media":140,"template":"","meta":[],"product_brand":[],"product_cat":[21],"product_tag":[],"class_list":{"0":"post-203","1":"product","2":"type-product","3":"status-publish","4":"has-post-thumbnail","6":"product_cat-non-classe","8":"first","9":"instock","10":"virtual","11":"purchasable","12":"product-type-simple"},"_links":{"self":[{"href":"https:\/\/gynette.epiphronconsultants.fr\/index.php\/wp-json\/wp\/v2\/product\/203","targetHints":{"allow":["GET"]}}],"collection":[{"href":"https:\/\/gynette.epiphronconsultants.fr\/index.php\/wp-json\/wp\/v2\/product"}],"about":[{"href":"https:\/\/gynette.epiphronconsultants.fr\/index.php\/wp-json\/wp\/v2\/types\/product"}],"wp:featuredmedia":[{"embeddable":true,"href":"https:\/\/gynette.epiphronconsultants.fr\/index.php\/wp-json\/wp\/v2\/media\/140"}],"wp:attachment":[{"href":"https:\/\/gynette.epiphronconsultants.fr\/index.php\/wp-json\/wp\/v2\/media?parent=203"}],"wp:term":[{"taxonomy":"product_brand","embeddable":true,"href":"https:\/\/gynette.epiphronconsultants.fr\/index.php\/wp-json\/wp\/v2\/product_brand?post=203"},{"taxonomy":"product_cat","embeddable":true,"href":"https:\/\/gynette.epiphronconsultants.fr\/index.php\/wp-json\/wp\/v2\/product_cat?post=203"},{"taxonomy":"product_tag","embeddable":true,"href":"https:\/\/gynette.epiphronconsultants.fr\/index.php\/wp-json\/wp\/v2\/product_tag?post=203"}],"curies":[{"name":"wp","href":"https:\/\/api.w.org\/{rel}","templated":true}]}}