{"id":201,"date":"2025-10-09T12:43:50","date_gmt":"2025-10-09T12:43:50","guid":{"rendered":"http:\/\/gynette.epiphronconsultants.fr\/?post_type=product&#038;p=201"},"modified":"2025-10-16T08:15:44","modified_gmt":"2025-10-16T08:15:44","slug":"gynette-aia-premium","status":"publish","type":"product","link":"https:\/\/gynette.epiphronconsultants.fr\/index.php\/produit\/gynette-aia-premium\/","title":{"rendered":"Gynette AIA &#8211; Premium"},"content":{"rendered":"<p>Gynette AIA, version windows, linux ( macOS sous peu).<\/p>\n<p>Formation individuelle d&rsquo;une journ\u00e9e \u00e0 l&rsquo;utilisation de l&rsquo;IA et de Gynette AIA<\/p>\n<p>Accompagnement individuel 1 mois.<\/p>\n<p>Vous recez d&rsquo;ici 48 h un lien de t\u00e9l\u00e9chargement et les clefs d&rsquo;utilisation.<\/p>\n<p><a href=\"https:\/\/doodle.com\/bp\/raphaelaulas\/rservez-une-dmonstration\">Voyons nous<\/a> pour convenir des modalit\u00e9s d&rsquo;accompagnement et de formation.<\/p>\n","protected":false},"excerpt":{"rendered":"<p>Gynette AIA est un programme mettant en oeuvre des agents IA pour acc\u00e9l\u00e9rer la r\u00e9daction d&rsquo;actes d&rsquo;avocats. Analyse de dossier, R\u00e9daction de Conclusions, de mises en demeure, de courrier&#8230;<br \/>\nLa version Premium vous propose un accompagnement optimal d&rsquo;un mois pour une maitrise de l&rsquo;IA et un service nouveau pour vos clients.<\/p>\n","protected":false},"featured_media":140,"template":"","meta":[],"product_brand":[],"product_cat":[21],"product_tag":[],"class_list":{"0":"post-201","1":"product","2":"type-product","3":"status-publish","4":"has-post-thumbnail","6":"product_cat-non-classe","8":"first","9":"instock","10":"downloadable","11":"virtual","12":"purchasable","13":"product-type-simple"},"_links":{"self":[{"href":"https:\/\/gynette.epiphronconsultants.fr\/index.php\/wp-json\/wp\/v2\/product\/201","targetHints":{"allow":["GET"]}}],"collection":[{"href":"https:\/\/gynette.epiphronconsultants.fr\/index.php\/wp-json\/wp\/v2\/product"}],"about":[{"href":"https:\/\/gynette.epiphronconsultants.fr\/index.php\/wp-json\/wp\/v2\/types\/product"}],"wp:featuredmedia":[{"embeddable":true,"href":"https:\/\/gynette.epiphronconsultants.fr\/index.php\/wp-json\/wp\/v2\/media\/140"}],"wp:attachment":[{"href":"https:\/\/gynette.epiphronconsultants.fr\/index.php\/wp-json\/wp\/v2\/media?parent=201"}],"wp:term":[{"taxonomy":"product_brand","embeddable":true,"href":"https:\/\/gynette.epiphronconsultants.fr\/index.php\/wp-json\/wp\/v2\/product_brand?post=201"},{"taxonomy":"product_cat","embeddable":true,"href":"https:\/\/gynette.epiphronconsultants.fr\/index.php\/wp-json\/wp\/v2\/product_cat?post=201"},{"taxonomy":"product_tag","embeddable":true,"href":"https:\/\/gynette.epiphronconsultants.fr\/index.php\/wp-json\/wp\/v2\/product_tag?post=201"}],"curies":[{"name":"wp","href":"https:\/\/api.w.org\/{rel}","templated":true}]}}