{"id":70,"date":"2025-10-07T09:33:31","date_gmt":"2025-10-07T09:33:31","guid":{"rendered":"http:\/\/gynette.epiphronconsultants.fr\/?page_id=70"},"modified":"2025-10-16T08:30:53","modified_gmt":"2025-10-16T08:30:53","slug":"contact","status":"publish","type":"page","link":"https:\/\/gynette.epiphronconsultants.fr\/index.php\/contact\/","title":{"rendered":"Contact"},"content":{"rendered":"\n<p>ICI, pour <strong>convenir d&rsquo;un rendez vous pour<\/strong><a href=\"https:\/\/doodle.com\/bp\/raphaelaulas\/rservez-une-dmonstration\"><strong> <\/strong><\/a><br><strong>une pr\u00e9cision, <\/strong><br><strong>une d\u00e9monstration,<\/strong><br><strong>ou solliciter une formation<\/strong>: <\/p>\n\n\n\n<h2 class=\"wp-block-heading has-text-color has-link-color wp-elements-15ebea1838500e421216658e21cbefea\" style=\"color:#e74e11\"><a href=\"https:\/\/doodle.com\/bp\/raphaelaulas\/rservez-une-dmonstration\" target=\"_blank\" rel=\"noreferrer noopener\">Planifions une d\u00e9monstration !<\/a><\/h2>\n\n\n\n<p>ou <br>PAR MAIL : <br><strong>gynetteAIA AT gmx.fr<\/strong><\/p>\n","protected":false},"excerpt":{"rendered":"<p>ICI, pour convenir d&rsquo;un rendez vous pour une pr\u00e9cision, une d\u00e9monstration,ou solliciter une formation: Planifions une d\u00e9monstration ! ou PAR MAIL : gynetteAIA AT gmx.fr<\/p>\n","protected":false},"author":1,"featured_media":243,"parent":0,"menu_order":0,"comment_status":"closed","ping_status":"closed","template":"","meta":{"footnotes":""},"class_list":["post-70","page","type-page","status-publish","has-post-thumbnail","hentry"],"_links":{"self":[{"href":"https:\/\/gynette.epiphronconsultants.fr\/index.php\/wp-json\/wp\/v2\/pages\/70","targetHints":{"allow":["GET"]}}],"collection":[{"href":"https:\/\/gynette.epiphronconsultants.fr\/index.php\/wp-json\/wp\/v2\/pages"}],"about":[{"href":"https:\/\/gynette.epiphronconsultants.fr\/index.php\/wp-json\/wp\/v2\/types\/page"}],"author":[{"embeddable":true,"href":"https:\/\/gynette.epiphronconsultants.fr\/index.php\/wp-json\/wp\/v2\/users\/1"}],"replies":[{"embeddable":true,"href":"https:\/\/gynette.epiphronconsultants.fr\/index.php\/wp-json\/wp\/v2\/comments?post=70"}],"version-history":[{"count":12,"href":"https:\/\/gynette.epiphronconsultants.fr\/index.php\/wp-json\/wp\/v2\/pages\/70\/revisions"}],"predecessor-version":[{"id":283,"href":"https:\/\/gynette.epiphronconsultants.fr\/index.php\/wp-json\/wp\/v2\/pages\/70\/revisions\/283"}],"wp:featuredmedia":[{"embeddable":true,"href":"https:\/\/gynette.epiphronconsultants.fr\/index.php\/wp-json\/wp\/v2\/media\/243"}],"wp:attachment":[{"href":"https:\/\/gynette.epiphronconsultants.fr\/index.php\/wp-json\/wp\/v2\/media?parent=70"}],"curies":[{"name":"wp","href":"https:\/\/api.w.org\/{rel}","templated":true}]}}