{"id":43,"date":"2025-10-07T08:14:59","date_gmt":"2025-10-07T08:14:59","guid":{"rendered":"http:\/\/gynette.epiphronconsultants.fr\/?page_id=43"},"modified":"2025-10-15T10:10:44","modified_gmt":"2025-10-15T10:10:44","slug":"comment-ca-marche","status":"publish","type":"page","link":"https:\/\/gynette.epiphronconsultants.fr\/index.php\/comment-ca-marche\/","title":{"rendered":"Comment \u00e7a marche ?"},"content":{"rendered":"\n<div class=\"wp-block-group alignfull has-background has-global-padding is-layout-constrained wp-container-core-group-is-layout-e9ff4dfa wp-block-group-is-layout-constrained\" style=\"background-color:#d9784333;padding-top:var(--wp--preset--spacing--10);padding-right:0;padding-bottom:var(--wp--preset--spacing--10);padding-left:0\">\n<div class=\"wp-block-group has-global-padding is-layout-constrained wp-container-core-group-is-layout-650790e1 wp-block-group-is-layout-constrained\">\n<h1 class=\"wp-block-heading has-text-align-center has-x-large-font-size\">Gynette Assistant IA pour avocats <\/h1>\n\n\n\n<div style=\"height:1.25rem\" aria-hidden=\"true\" class=\"wp-block-spacer\"><\/div>\n<\/div>\n\n\n\n<div class=\"wp-block-columns is-layout-flex wp-container-core-columns-is-layout-28f84493 wp-block-columns-is-layout-flex\">\n<div class=\"wp-block-column is-layout-flow wp-block-column-is-layout-flow\">\n<p><strong>Assistant IA juridique sp\u00e9cialis\u00e9<br><\/strong>Con\u00e7u pour permettre une utilisation fiabilis\u00e9e de l&rsquo;IA face aux<br>hallucinations qui peuvent appara\u00eetre sur les syst\u00e8mes g\u00e9n\u00e9ratifs<br>traditionnels.<br><br><\/p>\n<\/div>\n\n\n\n<div class=\"wp-block-column is-layout-flow wp-block-column-is-layout-flow\">\n<p><strong>M\u00e9thode RAG<br><\/strong>Retrieval Augmented Generation : construction d&rsquo;un contexte<br>documentaire solide autour de chaque interrogation pour<br>renforcer la fiabilit\u00e9 des r\u00e9ponses.<\/p>\n<\/div>\n\n\n\n<div class=\"wp-block-column has-medium-font-size is-layout-flow wp-block-column-is-layout-flow\">\n<p><strong>Agents IA sp\u00e9cialis\u00e9s<br><\/strong>Plusieurs agents travaillent de mani\u00e8re collaborative sur chaque<br>dossier. Une approche multi-agents qui d\u00e9passe le simple prompt.<\/p>\n<\/div>\n<\/div>\n<\/div>\n\n\n\n<div class=\"wp-block-group alignfull has-accent-background-color has-background has-global-padding is-layout-constrained wp-container-core-group-is-layout-669513ed wp-block-group-is-layout-constrained\" style=\"margin-top:0;margin-bottom:0;padding-top:var(--wp--preset--spacing--50);padding-right:var(--wp--preset--spacing--50);padding-bottom:var(--wp--preset--spacing--50);padding-left:var(--wp--preset--spacing--50)\">\n<div class=\"wp-block-group is-vertical is-content-justification-center is-layout-flex wp-container-core-group-is-layout-52b864f0 wp-block-group-is-layout-flex\">\n<h2 class=\"wp-block-heading has-text-align-center is-style-asterisk\">Un processus adapt\u00e9 <br>au m\u00e9tier d&rsquo;avocat<\/h2>\n\n\n\n<div style=\"height:0px\" aria-hidden=\"true\" class=\"wp-block-spacer wp-container-content-4f2ccadb\"><\/div>\n\n\n\n<h6 class=\"wp-block-heading has-text-align-center\">Parce que la rigueur est au coeur du m\u00e9tier d&rsquo;avocat, <br>Gynette a \u00e9t\u00e9 pens\u00e9 pour vous.<\/h6>\n<\/div>\n\n\n\n<div class=\"wp-block-columns alignwide is-layout-flex wp-container-core-columns-is-layout-d0bbbce0 wp-block-columns-is-layout-flex\">\n<div class=\"wp-block-column is-layout-flow wp-container-core-column-is-layout-e3d1c41b wp-block-column-is-layout-flow\">\n<p class=\"has-text-align-left has-medium-font-size\"><strong>Organisation des dossiers clients<\/strong><br>Chaque dossier est structur\u00e9 en r\u00e9pertoires distincts :<\/p>\n\n\n\n<ul class=\"wp-block-list has-medium-font-size\">\n<li>Pi\u00e8ces du client : documents fournis par votre client<\/li>\n\n\n\n<li>Pi\u00e8ces de la partie adverse<\/li>\n\n\n\n<li>Pi\u00e8ces de proc\u00e9dure: documents officiels de la proc\u00e9dure<\/li>\n<\/ul>\n<\/div>\n\n\n\n<div class=\"wp-block-column is-layout-flow wp-container-core-column-is-layout-e3d1c41b wp-block-column-is-layout-flow\">\n<p class=\"has-medium-font-size\"><strong>Gestion des pi\u00e8ces<\/strong><br>Traitement de documents aux formats vari\u00e9s et de qualit\u00e9s diverses.<\/p>\n\n\n\n<ul class=\"wp-block-list\">\n<li>S\u00e9paration de documents, <\/li>\n\n\n\n<li>nommage, ordonnancement,<\/li>\n\n\n\n<li>cr\u00e9ation automatique de bordereau juridique<\/li>\n<\/ul>\n<\/div>\n\n\n\n<div class=\"wp-block-column is-layout-flow wp-container-core-column-is-layout-e3d1c41b wp-block-column-is-layout-flow\">\n<p class=\"has-text-align-left has-medium-font-size\"><strong>Num\u00e9risation OCR adaptative<br><\/strong>Traitement selon trois niveaux de qualit\u00e9 :<\/p>\n\n\n\n<ul class=\"wp-block-list has-medium-font-size\">\n<li>documents digitaux,<\/li>\n\n\n\n<li>image, ( pdf image, scan&#8230;)  <\/li>\n\n\n\n<li>documents d\u00e9grad\u00e9s ou complexes<\/li>\n<\/ul>\n<\/div>\n<\/div>\n\n\n\n<div style=\"height:var(--wp--preset--spacing--20)\" aria-hidden=\"true\" class=\"wp-block-spacer\"><\/div>\n\n\n\n<div class=\"wp-block-columns alignwide is-layout-flex wp-container-core-columns-is-layout-d0bbbce0 wp-block-columns-is-layout-flex\">\n<div class=\"wp-block-column is-layout-flow wp-container-core-column-is-layout-e3d1c41b wp-block-column-is-layout-flow\">\n<p class=\"has-text-align-left has-medium-font-size\"><strong>Formalisation du contexte juridique<br><\/strong>Application du cadre juridique sp\u00e9cialis\u00e9 appropri\u00e9 au dossier.<\/p>\n<\/div>\n\n\n\n<div class=\"wp-block-column is-layout-flow wp-container-core-column-is-layout-e3d1c41b wp-block-column-is-layout-flow\">\n<p class=\"has-text-align-left has-medium-font-size\"><strong>Formalisation de la demande<br><\/strong>D\u00e9finition pr\u00e9cise de la probl\u00e9matique \u00e0 r\u00e9soudre et du format attendu.<\/p>\n<\/div>\n\n\n\n<div class=\"wp-block-column is-layout-flow wp-container-core-column-is-layout-e3d1c41b wp-block-column-is-layout-flow\">\n<p class=\"has-text-align-left has-medium-font-size\"><strong>Interrogation de l&rsquo;IA<\/strong><\/p>\n\n\n\n<ul class=\"wp-block-list has-medium-font-size\">\n<li>Activation des agents sp\u00e9cialis\u00e9s pour un traitement collaboratif.<\/li>\n\n\n\n<li>Recherche des jurisprudences<\/li>\n\n\n\n<li>V\u00e9rification de la conformit\u00e9 des documents produits<\/li>\n<\/ul>\n\n\n\n<p class=\"has-text-align-left\"><\/p>\n<\/div>\n<\/div>\n<\/div>\n\n\n\n<div class=\"wp-block-group alignfull has-background has-global-padding is-layout-constrained wp-container-core-group-is-layout-d89aad35 wp-block-group-is-layout-constrained\" style=\"background-color:#207ee329;margin-top:0;margin-bottom:0;padding-top:var(--wp--preset--spacing--50);padding-right:var(--wp--preset--spacing--50);padding-bottom:var(--wp--preset--spacing--50);padding-left:var(--wp--preset--spacing--50)\">\n<div class=\"wp-block-group alignwide has-global-padding is-layout-constrained wp-container-core-group-is-layout-19e250f3 wp-block-group-is-layout-constrained\">\n<div class=\"wp-block-group is-vertical is-content-justification-center is-layout-flex wp-container-core-group-is-layout-6329a8f3 wp-block-group-is-layout-flex\">\n<h2 class=\"wp-block-heading has-text-align-center is-style-asterisk\">Un acc\u00e8s aux ressources publiques<\/h2>\n\n\n\n<p class=\"has-text-align-center\">Les agents de Gynette analysent le dossier et votre demande, ils interrogent les bases de donn\u00e9es ( judilibre, legifrance ) et recherchent les jurisprudences les plus appropri\u00e9es. <\/p>\n<\/div>\n\n\n\n<div style=\"height:var(--wp--preset--spacing--40)\" aria-hidden=\"true\" class=\"wp-block-spacer\"><\/div>\n\n\n\n<div class=\"wp-block-columns alignwide is-layout-flex wp-container-core-columns-is-layout-d1c656ed wp-block-columns-is-layout-flex\">\n<div class=\"wp-block-column is-vertically-aligned-center is-layout-flow wp-block-column-is-layout-flow\" style=\"flex-basis:40%\">\n<p class=\"has-background-background-color has-background\">Imaginez-vous une recherche automatique dans l&rsquo;historique des jurisprudences de la cour de cassation et des tribunaux d&rsquo;appels sur la base de l&rsquo;analyse de votre dossier. <br><strong><em>C&rsquo;est ce que r\u00e9alise GYNETTE AIA<\/em><\/strong>!<\/p>\n\n\n\n<h3 class=\"wp-block-heading has-text-align-center is-style-asterisk\">Conformit\u00e9 <\/h3>\n\n\n\n<p class=\"is-style-checkmark-list\">L&rsquo;agent conformit\u00e9 interroge le corpus l\u00e9gislatif pour s&rsquo;assurer que chacune des r\u00e9f\u00e9rences existent et soit scrupuleusement int\u00e9gr\u00e9 dans les documents produits.<\/p>\n\n\n\n<h3 class=\"wp-block-heading has-text-align-center\">Jurisprudences<\/h3>\n\n\n\n<p>Les agents \u00ab\u00a0jurisprudences\u00a0\u00bb analysent la situation et interrogent les bases de donn\u00e9es publiques pour retourver les jurisprudences les plus adapt\u00e9es. <\/p>\n\n\n\n<p>Gynette int\u00e9gre ces jurispriudences pour consolider votre r\u00e9ponse. <br><em>A VENIR : LE CONSEIL D&rsquo; ETAT et la justice administrative.<\/em><\/p>\n<\/div>\n\n\n\n<div class=\"wp-block-column is-layout-flow wp-block-column-is-layout-flow\" style=\"flex-basis:50%\">\n<figure class=\"wp-block-image size-large is-style-rounded is-style-rounded--1\"><img loading=\"lazy\" decoding=\"async\" width=\"683\" height=\"1024\" src=\"http:\/\/gynette.epiphronconsultants.fr\/wp-content\/uploads\/2025\/10\/Une-1-683x1024.png\" alt=\"\" class=\"wp-image-21\" srcset=\"https:\/\/gynette.epiphronconsultants.fr\/wp-content\/uploads\/2025\/10\/Une-1-683x1024.png 683w, https:\/\/gynette.epiphronconsultants.fr\/wp-content\/uploads\/2025\/10\/Une-1-600x900.png 600w, https:\/\/gynette.epiphronconsultants.fr\/wp-content\/uploads\/2025\/10\/Une-1-200x300.png 200w, https:\/\/gynette.epiphronconsultants.fr\/wp-content\/uploads\/2025\/10\/Une-1-768x1152.png 768w, https:\/\/gynette.epiphronconsultants.fr\/wp-content\/uploads\/2025\/10\/Une-1.png 900w\" sizes=\"auto, (max-width: 683px) 100vw, 683px\" \/><\/figure>\n<\/div>\n<\/div>\n<\/div>\n<\/div>\n\n\n\n<div class=\"wp-block-group alignfull has-base-color has-text-color has-background has-global-padding is-layout-constrained wp-container-core-group-is-layout-ef3d885c wp-block-group-is-layout-constrained\" style=\"background-color:#63636329;margin-top:0;margin-bottom:0;padding-top:var(--wp--preset--spacing--60);padding-right:var(--wp--preset--spacing--60);padding-bottom:var(--wp--preset--spacing--60);padding-left:var(--wp--preset--spacing--60)\">\n<h2 class=\"wp-block-heading\">L&rsquo;approche Gynette AIA<\/h2>\n\n\n\n<div class=\"wp-block-columns is-layout-flex wp-container-core-columns-is-layout-28f84493 wp-block-columns-is-layout-flex\">\n<div class=\"wp-block-column is-layout-flow wp-block-column-is-layout-flow\">\n<h4 class=\"wp-block-heading\" id=\"block-99f6dac3-9c82-4db4-8956-fefa6722ee84\">S\u00e9curit\u00e9 et fiabilit\u00e9<\/h4>\n\n\n\n<ul class=\"wp-block-list\">\n<li>Contexte documentaire v\u00e9rifi\u00e9<\/li>\n\n\n\n<li>Validation crois\u00e9e par agents sp\u00e9cialis\u00e9s<\/li>\n\n\n\n<li>Contr\u00f4le syst\u00e9matique des r\u00e9f\u00e9rences juridiques par l\u2019acc\u00e8s aux ressources legifrance et judilibre<\/li>\n<\/ul>\n<\/div>\n\n\n\n<div class=\"wp-block-column is-layout-flow wp-block-column-is-layout-flow\">\n<h4 class=\"wp-block-heading\" id=\"block-c98313ae-f5fe-42a7-9bea-9285f65c207c\">Efficacit\u00e9 op\u00e9rationnelle<\/h4>\n\n\n\n<ul class=\"wp-block-list\">\n<li>Workflow structur\u00e9 et reproductible<\/li>\n\n\n\n<li>OCR adapt\u00e9 \u00e0 la qualit\u00e9 des documents pour une num\u00e9risation de qualit\u00e9<\/li>\n\n\n\n<li>Analyse exhaustive multi-agents<\/li>\n<\/ul>\n<\/div>\n\n\n\n<div class=\"wp-block-column is-layout-flow wp-block-column-is-layout-flow\">\n<h4 class=\"wp-block-heading\" id=\"block-bea5e680-fb1b-498f-9370-da6651b2c4a3\">Ma\u00eetrise des co\u00fbts<\/h4>\n\n\n\n<ul class=\"wp-block-list\">\n<li>S\u00e9lection du moteur selon la complexit\u00e9<\/li>\n\n\n\n<li>Estimation pr\u00e9alable des co\u00fbts<\/li>\n\n\n\n<li>Optimisation des requ\u00eates<\/li>\n<\/ul>\n<\/div>\n<\/div>\n\n\n\n<div class=\"wp-block-columns is-layout-flex wp-container-core-columns-is-layout-28f84493 wp-block-columns-is-layout-flex\">\n<div class=\"wp-block-column is-layout-flow wp-block-column-is-layout-flow\" style=\"flex-basis:66.66%\">\n<h4 class=\"wp-block-heading\" id=\"block-36f0bd76-6a00-46c2-98f8-a8748bccd710\">Confidentialit\u00e9<\/h4>\n\n\n\n<ul class=\"wp-block-list\">\n<li class=\"has-text-color has-link-color wp-elements-eada4c765807de6aa3df4f10c85a96bc\" style=\"color:#e8601a\"><strong>Pas de stockage cloud : vos donn\u00e9es sont stock\u00e9es \u00e0 domicile, sur votre systeme d\u2019information<\/strong><\/li>\n<\/ul>\n<\/div>\n\n\n\n<div class=\"wp-block-column is-vertically-aligned-center is-layout-flow wp-block-column-is-layout-flow\" style=\"flex-basis:33.33%\">\n<figure class=\"wp-block-image size-full\"><img loading=\"lazy\" decoding=\"async\" width=\"512\" height=\"512\" src=\"http:\/\/gynette.epiphronconsultants.fr\/wp-content\/uploads\/2025\/10\/cropped-gynete.png\" alt=\"gynnette Logo\" class=\"wp-image-7\" srcset=\"https:\/\/gynette.epiphronconsultants.fr\/wp-content\/uploads\/2025\/10\/cropped-gynete.png 512w, https:\/\/gynette.epiphronconsultants.fr\/wp-content\/uploads\/2025\/10\/cropped-gynete-300x300.png 300w, https:\/\/gynette.epiphronconsultants.fr\/wp-content\/uploads\/2025\/10\/cropped-gynete-150x150.png 150w, https:\/\/gynette.epiphronconsultants.fr\/wp-content\/uploads\/2025\/10\/cropped-gynete-270x270.png 270w, https:\/\/gynette.epiphronconsultants.fr\/wp-content\/uploads\/2025\/10\/cropped-gynete-192x192.png 192w, https:\/\/gynette.epiphronconsultants.fr\/wp-content\/uploads\/2025\/10\/cropped-gynete-180x180.png 180w, https:\/\/gynette.epiphronconsultants.fr\/wp-content\/uploads\/2025\/10\/cropped-gynete-32x32.png 32w\" sizes=\"auto, (max-width: 512px) 100vw, 512px\" \/><\/figure>\n<\/div>\n<\/div>\n<\/div>\n","protected":false},"excerpt":{"rendered":"<p>Gynette Assistant IA pour avocats Assistant IA juridique sp\u00e9cialis\u00e9Con\u00e7u pour permettre une utilisation fiabilis\u00e9e de l&rsquo;IA face auxhallucinations qui peuvent appara\u00eetre sur les syst\u00e8mes g\u00e9n\u00e9ratifstraditionnels. M\u00e9thode RAGRetrieval Augmented Generation : construction d&rsquo;un contextedocumentaire solide autour de chaque interrogation pourrenforcer la fiabilit\u00e9 des r\u00e9ponses. Agents IA sp\u00e9cialis\u00e9sPlusieurs agents travaillent de mani\u00e8re collaborative sur chaquedossier. Une approche [&hellip;]<\/p>\n","protected":false},"author":1,"featured_media":221,"parent":0,"menu_order":0,"comment_status":"closed","ping_status":"closed","template":"","meta":{"footnotes":""},"class_list":["post-43","page","type-page","status-publish","has-post-thumbnail","hentry"],"_links":{"self":[{"href":"https:\/\/gynette.epiphronconsultants.fr\/index.php\/wp-json\/wp\/v2\/pages\/43","targetHints":{"allow":["GET"]}}],"collection":[{"href":"https:\/\/gynette.epiphronconsultants.fr\/index.php\/wp-json\/wp\/v2\/pages"}],"about":[{"href":"https:\/\/gynette.epiphronconsultants.fr\/index.php\/wp-json\/wp\/v2\/types\/page"}],"author":[{"embeddable":true,"href":"https:\/\/gynette.epiphronconsultants.fr\/index.php\/wp-json\/wp\/v2\/users\/1"}],"replies":[{"embeddable":true,"href":"https:\/\/gynette.epiphronconsultants.fr\/index.php\/wp-json\/wp\/v2\/comments?post=43"}],"version-history":[{"count":15,"href":"https:\/\/gynette.epiphronconsultants.fr\/index.php\/wp-json\/wp\/v2\/pages\/43\/revisions"}],"predecessor-version":[{"id":274,"href":"https:\/\/gynette.epiphronconsultants.fr\/index.php\/wp-json\/wp\/v2\/pages\/43\/revisions\/274"}],"wp:featuredmedia":[{"embeddable":true,"href":"https:\/\/gynette.epiphronconsultants.fr\/index.php\/wp-json\/wp\/v2\/media\/221"}],"wp:attachment":[{"href":"https:\/\/gynette.epiphronconsultants.fr\/index.php\/wp-json\/wp\/v2\/media?parent=43"}],"curies":[{"name":"wp","href":"https:\/\/api.w.org\/{rel}","templated":true}]}}